{"id":156,"date":"2022-01-17T01:17:06","date_gmt":"2022-01-17T01:17:06","guid":{"rendered":"https:\/\/franciscanashfic.org\/?page_id=156"},"modified":"2022-10-17T18:02:14","modified_gmt":"2022-10-17T18:02:14","slug":"aspirantado","status":"publish","type":"page","link":"https:\/\/franciscanashfic.org\/index.php\/aspirantado\/","title":{"rendered":"Aspirantado"},"content":{"rendered":"<p>[et_pb_section fb_built=&#8221;1&#8243; _builder_version=&#8221;4.16&#8243; _module_preset=&#8221;default&#8221; custom_padding=&#8221;3px|||||&#8221; global_colors_info=&#8221;{}&#8221;][et_pb_row column_structure=&#8221;1_2,1_2&#8243; _builder_version=&#8221;4.16&#8243; _module_preset=&#8221;default&#8221; global_colors_info=&#8221;{}&#8221;][et_pb_column type=&#8221;1_2&#8243; _builder_version=&#8221;4.16&#8243; _module_preset=&#8221;default&#8221; global_colors_info=&#8221;{}&#8221;][et_pb_text _builder_version=&#8221;4.16&#8243; _module_preset=&#8221;default&#8221; header_2_text_color=&#8221;#FFFFFF&#8221; header_2_font_size=&#8221;45px&#8221; background_color=&#8221;#002d62&#8243; custom_margin=&#8221;|||-200px|false|false&#8221; custom_padding=&#8221;10px|25px|10px|25px|false|false&#8221; header_2_font_size_last_edited=&#8221;off|phone&#8221; global_colors_info=&#8221;{}&#8221;]<\/p>\n<h2 style=\"text-align: right;\">Aspirantado<\/h2>\n<p>[\/et_pb_text][et_pb_text _builder_version=&#8221;4.18.0&#8243; _module_preset=&#8221;default&#8221; hover_enabled=&#8221;0&#8243; global_colors_info=&#8221;{}&#8221; sticky_enabled=&#8221;0&#8243; text_font_size=&#8221;20px&#8221; text_line_height=&#8221;1.8em&#8221;]<\/p>\n<p><strong>El aspirantado<\/strong> es la etapa en que la joven desea profundizar en el discernimiento de su orientaci\u00f3n vocacional de vida en compa\u00f1\u00eda de la maestra de aspirantes quien orienta para discernir la voluntad de Dios en su vida. En esta etapa se pone especial atenci\u00f3n al aspecto humano, cristiano y vocacional de la joven, as\u00ed como el sentido de pertenencia a la Congregaci\u00f3n (cfr. CCGG 148)<\/p>\n<p>Quien ha sentido una inquietud vocacional, necesita confirmarla. Para ello, ofrecemos la\u00a0<strong>experiencia inicial de la \u201cFraternidad\u201d,<\/strong> donde se vive acompa\u00f1ada, el proceso de discernimiento vocacional franciscano.\u00a0\u00a0<\/p>\n<p>[\/et_pb_text][\/et_pb_column][et_pb_column type=&#8221;1_2&#8243; _builder_version=&#8221;4.16&#8243; _module_preset=&#8221;default&#8221; global_colors_info=&#8221;{}&#8221;][et_pb_gallery gallery_ids=&#8221;1438,1439&#8243; fullwidth=&#8221;on&#8221; _builder_version=&#8221;4.17.4&#8243; _module_preset=&#8221;default&#8221; custom_margin=&#8221;110px||||false|false&#8221; auto=&#8221;on&#8221; global_colors_info=&#8221;{}&#8221;][\/et_pb_gallery][et_pb_image src=&#8221;https:\/\/franciscanashfic.org\/wp-content\/uploads\/2022\/01\/mortgage-18.png&#8221; _builder_version=&#8221;4.16&#8243; max_width=&#8221;700px&#8221; module_alignment=&#8221;center&#8221; custom_margin=&#8221;||14px|||&#8221; global_colors_info=&#8221;{}&#8221;][\/et_pb_image][et_pb_text _builder_version=&#8221;4.16&#8243; text_font=&#8221;PT Serif||||||||&#8221; text_font_size=&#8221;30px&#8221; text_line_height=&#8221;1.6em&#8221; header_font=&#8221;||||||||&#8221; header_2_font=&#8221;||||||||&#8221; max_width=&#8221;700px&#8221; module_alignment=&#8221;center&#8221; text_font_size_tablet=&#8221;&#8221; text_font_size_phone=&#8221;20px&#8221; text_font_size_last_edited=&#8221;on|desktop&#8221; global_colors_info=&#8221;{}&#8221;]<\/p>\n<p>\u00a1Jes\u00fas subi\u00f3 al monte,\u00a0<strong>llam\u00f3<\/strong>\u00a0a los que\u00a0<strong>quiso<\/strong>\u00a0y se fueron con \u00e9l!<strong>\u201d <br \/><\/strong>(Mc 3,13-19).<\/p>\n<p>[\/et_pb_text][\/et_pb_column][\/et_pb_row][\/et_pb_section]<\/p>\n","protected":false},"excerpt":{"rendered":"<p>AspirantadoEl aspirantado es la etapa en que la joven desea profundizar en el discernimiento de su orientaci\u00f3n vocacional de vida en compa\u00f1\u00eda de la maestra de aspirantes quien orienta para discernir la voluntad de Dios en su vida. En esta etapa se pone especial atenci\u00f3n al aspecto humano, cristiano y vocacional de la joven, as\u00ed [&hellip;]<\/p>\n","protected":false},"author":1,"featured_media":0,"parent":0,"menu_order":0,"comment_status":"closed","ping_status":"closed","template":"","meta":{"_et_pb_use_builder":"on","_et_pb_old_content":"","_et_gb_content_width":"","footnotes":""},"class_list":["post-156","page","type-page","status-publish","hentry"],"yoast_head":"<!-- This site is optimized with the Yoast SEO plugin v27.2 - https:\/\/yoast.com\/product\/yoast-seo-wordpress\/ -->\n<title>Aspirantado - Hermanas Franciscanas de la Inmaculada Concepci\u00f3n<\/title>\n<meta name=\"robots\" content=\"index, follow, max-snippet:-1, max-image-preview:large, max-video-preview:-1\" \/>\n<link rel=\"canonical\" href=\"https:\/\/franciscanashfic.org\/index.php\/aspirantado\/\" \/>\n<meta property=\"og:locale\" content=\"es_MX\" \/>\n<meta property=\"og:type\" content=\"article\" \/>\n<meta property=\"og:title\" content=\"Aspirantado - Hermanas Franciscanas de la Inmaculada Concepci\u00f3n\" \/>\n<meta property=\"og:description\" content=\"AspirantadoEl aspirantado es la etapa en que la joven desea profundizar en el discernimiento de su orientaci\u00f3n vocacional de vida en compa\u00f1\u00eda de la maestra de aspirantes quien orienta para discernir la voluntad de Dios en su vida. En esta etapa se pone especial atenci\u00f3n al aspecto humano, cristiano y vocacional de la joven, as\u00ed [&hellip;]\" \/>\n<meta property=\"og:url\" content=\"https:\/\/franciscanashfic.org\/index.php\/aspirantado\/\" \/>\n<meta property=\"og:site_name\" content=\"Hermanas Franciscanas de la Inmaculada Concepci\u00f3n\" \/>\n<meta property=\"article:publisher\" content=\"https:\/\/www.facebook.com\/hermanafranciscanadelainmaculadaconcepcion\" \/>\n<meta property=\"article:modified_time\" content=\"2022-10-17T18:02:14+00:00\" \/>\n<meta name=\"twitter:card\" content=\"summary_large_image\" \/>\n<meta name=\"twitter:label1\" content=\"Tiempo de lectura\" \/>\n\t<meta name=\"twitter:data1\" content=\"2 minutos\" \/>\n<script type=\"application\/ld+json\" class=\"yoast-schema-graph\">{\"@context\":\"https:\/\/schema.org\",\"@graph\":[{\"@type\":\"WebPage\",\"@id\":\"https:\/\/franciscanashfic.org\/index.php\/aspirantado\/\",\"url\":\"https:\/\/franciscanashfic.org\/index.php\/aspirantado\/\",\"name\":\"Aspirantado - Hermanas Franciscanas de la Inmaculada Concepci\u00f3n\",\"isPartOf\":{\"@id\":\"https:\/\/franciscanashfic.org\/#website\"},\"datePublished\":\"2022-01-17T01:17:06+00:00\",\"dateModified\":\"2022-10-17T18:02:14+00:00\",\"breadcrumb\":{\"@id\":\"https:\/\/franciscanashfic.org\/index.php\/aspirantado\/#breadcrumb\"},\"inLanguage\":\"es\",\"potentialAction\":[{\"@type\":\"ReadAction\",\"target\":[\"https:\/\/franciscanashfic.org\/index.php\/aspirantado\/\"]}]},{\"@type\":\"BreadcrumbList\",\"@id\":\"https:\/\/franciscanashfic.org\/index.php\/aspirantado\/#breadcrumb\",\"itemListElement\":[{\"@type\":\"ListItem\",\"position\":1,\"name\":\"Inicio\",\"item\":\"https:\/\/franciscanashfic.org\/\"},{\"@type\":\"ListItem\",\"position\":2,\"name\":\"Aspirantado\"}]},{\"@type\":\"WebSite\",\"@id\":\"https:\/\/franciscanashfic.org\/#website\",\"url\":\"https:\/\/franciscanashfic.org\/\",\"name\":\"Hermanas Franciscanas de la Inmaculada Concepci\u00f3n\",\"description\":\"\",\"publisher\":{\"@id\":\"https:\/\/franciscanashfic.org\/#organization\"},\"potentialAction\":[{\"@type\":\"SearchAction\",\"target\":{\"@type\":\"EntryPoint\",\"urlTemplate\":\"https:\/\/franciscanashfic.org\/?s={search_term_string}\"},\"query-input\":{\"@type\":\"PropertyValueSpecification\",\"valueRequired\":true,\"valueName\":\"search_term_string\"}}],\"inLanguage\":\"es\"},{\"@type\":\"Organization\",\"@id\":\"https:\/\/franciscanashfic.org\/#organization\",\"name\":\"Hermanas Franciscanas de la Inmaculada Concepci\u00f3n\",\"url\":\"https:\/\/franciscanashfic.org\/\",\"logo\":{\"@type\":\"ImageObject\",\"inLanguage\":\"es\",\"@id\":\"https:\/\/franciscanashfic.org\/#\/schema\/logo\/image\/\",\"url\":\"https:\/\/franciscanashfic.org\/wp-content\/uploads\/2022\/01\/icono.png\",\"contentUrl\":\"https:\/\/franciscanashfic.org\/wp-content\/uploads\/2022\/01\/icono.png\",\"width\":512,\"height\":512,\"caption\":\"Hermanas Franciscanas de la Inmaculada Concepci\u00f3n\"},\"image\":{\"@id\":\"https:\/\/franciscanashfic.org\/#\/schema\/logo\/image\/\"},\"sameAs\":[\"https:\/\/www.facebook.com\/hermanafranciscanadelainmaculadaconcepcion\",\"https:\/\/www.youtube.com\/@hficcasageneralmexico6665\"]}]}<\/script>\n<!-- \/ Yoast SEO plugin. -->","yoast_head_json":{"title":"Aspirantado - Hermanas Franciscanas de la Inmaculada Concepci\u00f3n","robots":{"index":"index","follow":"follow","max-snippet":"max-snippet:-1","max-image-preview":"max-image-preview:large","max-video-preview":"max-video-preview:-1"},"canonical":"https:\/\/franciscanashfic.org\/index.php\/aspirantado\/","og_locale":"es_MX","og_type":"article","og_title":"Aspirantado - Hermanas Franciscanas de la Inmaculada Concepci\u00f3n","og_description":"AspirantadoEl aspirantado es la etapa en que la joven desea profundizar en el discernimiento de su orientaci\u00f3n vocacional de vida en compa\u00f1\u00eda de la maestra de aspirantes quien orienta para discernir la voluntad de Dios en su vida. En esta etapa se pone especial atenci\u00f3n al aspecto humano, cristiano y vocacional de la joven, as\u00ed [&hellip;]","og_url":"https:\/\/franciscanashfic.org\/index.php\/aspirantado\/","og_site_name":"Hermanas Franciscanas de la Inmaculada Concepci\u00f3n","article_publisher":"https:\/\/www.facebook.com\/hermanafranciscanadelainmaculadaconcepcion","article_modified_time":"2022-10-17T18:02:14+00:00","twitter_card":"summary_large_image","twitter_misc":{"Tiempo de lectura":"2 minutos"},"schema":{"@context":"https:\/\/schema.org","@graph":[{"@type":"WebPage","@id":"https:\/\/franciscanashfic.org\/index.php\/aspirantado\/","url":"https:\/\/franciscanashfic.org\/index.php\/aspirantado\/","name":"Aspirantado - Hermanas Franciscanas de la Inmaculada Concepci\u00f3n","isPartOf":{"@id":"https:\/\/franciscanashfic.org\/#website"},"datePublished":"2022-01-17T01:17:06+00:00","dateModified":"2022-10-17T18:02:14+00:00","breadcrumb":{"@id":"https:\/\/franciscanashfic.org\/index.php\/aspirantado\/#breadcrumb"},"inLanguage":"es","potentialAction":[{"@type":"ReadAction","target":["https:\/\/franciscanashfic.org\/index.php\/aspirantado\/"]}]},{"@type":"BreadcrumbList","@id":"https:\/\/franciscanashfic.org\/index.php\/aspirantado\/#breadcrumb","itemListElement":[{"@type":"ListItem","position":1,"name":"Inicio","item":"https:\/\/franciscanashfic.org\/"},{"@type":"ListItem","position":2,"name":"Aspirantado"}]},{"@type":"WebSite","@id":"https:\/\/franciscanashfic.org\/#website","url":"https:\/\/franciscanashfic.org\/","name":"Hermanas Franciscanas de la Inmaculada Concepci\u00f3n","description":"","publisher":{"@id":"https:\/\/franciscanashfic.org\/#organization"},"potentialAction":[{"@type":"SearchAction","target":{"@type":"EntryPoint","urlTemplate":"https:\/\/franciscanashfic.org\/?s={search_term_string}"},"query-input":{"@type":"PropertyValueSpecification","valueRequired":true,"valueName":"search_term_string"}}],"inLanguage":"es"},{"@type":"Organization","@id":"https:\/\/franciscanashfic.org\/#organization","name":"Hermanas Franciscanas de la Inmaculada Concepci\u00f3n","url":"https:\/\/franciscanashfic.org\/","logo":{"@type":"ImageObject","inLanguage":"es","@id":"https:\/\/franciscanashfic.org\/#\/schema\/logo\/image\/","url":"https:\/\/franciscanashfic.org\/wp-content\/uploads\/2022\/01\/icono.png","contentUrl":"https:\/\/franciscanashfic.org\/wp-content\/uploads\/2022\/01\/icono.png","width":512,"height":512,"caption":"Hermanas Franciscanas de la Inmaculada Concepci\u00f3n"},"image":{"@id":"https:\/\/franciscanashfic.org\/#\/schema\/logo\/image\/"},"sameAs":["https:\/\/www.facebook.com\/hermanafranciscanadelainmaculadaconcepcion","https:\/\/www.youtube.com\/@hficcasageneralmexico6665"]}]}},"_links":{"self":[{"href":"https:\/\/franciscanashfic.org\/index.php\/wp-json\/wp\/v2\/pages\/156","targetHints":{"allow":["GET"]}}],"collection":[{"href":"https:\/\/franciscanashfic.org\/index.php\/wp-json\/wp\/v2\/pages"}],"about":[{"href":"https:\/\/franciscanashfic.org\/index.php\/wp-json\/wp\/v2\/types\/page"}],"author":[{"embeddable":true,"href":"https:\/\/franciscanashfic.org\/index.php\/wp-json\/wp\/v2\/users\/1"}],"replies":[{"embeddable":true,"href":"https:\/\/franciscanashfic.org\/index.php\/wp-json\/wp\/v2\/comments?post=156"}],"version-history":[{"count":5,"href":"https:\/\/franciscanashfic.org\/index.php\/wp-json\/wp\/v2\/pages\/156\/revisions"}],"predecessor-version":[{"id":1668,"href":"https:\/\/franciscanashfic.org\/index.php\/wp-json\/wp\/v2\/pages\/156\/revisions\/1668"}],"wp:attachment":[{"href":"https:\/\/franciscanashfic.org\/index.php\/wp-json\/wp\/v2\/media?parent=156"}],"curies":[{"name":"wp","href":"https:\/\/api.w.org\/{rel}","templated":true}]}}